{"id":184,"date":"2021-09-24T03:54:48","date_gmt":"2021-09-24T03:54:48","guid":{"rendered":"https:\/\/demo.casethemes.net\/itfirm\/?page_id=184"},"modified":"2021-09-24T03:54:48","modified_gmt":"2021-09-24T03:54:48","slug":"blog-grid","status":"publish","type":"page","link":"https:\/\/www.apexlazer.com\/yeni\/blog-grid\/","title":{"rendered":"Blog Grid"},"content":{"rendered":"\t\t<div data-elementor-type=\"wp-page\" data-elementor-id=\"184\" class=\"elementor elementor-184\">\n\t\t\t\t        <section class=\"elementor-section elementor-top-section elementor-element elementor-element-66245d5 elementor-section-boxed elementor-section-height-default elementor-section-height-default ct-header-fixed-none ct-column-none ct-row-scroll-none ct-row-gradient--none\" data-id=\"66245d5\" data-element_type=\"section\" data-e-type=\"section\">\n            \n                        <div class=\"elementor-container elementor-column-gap-extended \">\n                    <div class=\"elementor-column elementor-col-100 elementor-top-column elementor-element elementor-element-fc5c4bc ct-column-none col-offset-none col-color-offset-none\" data-id=\"fc5c4bc\" data-element_type=\"column\" data-e-type=\"column\">\n        <div class=\"elementor-widget-wrap elementor-element-populated\">\n                    \n        \t\t<div class=\"elementor-element elementor-element-03a2086 elementor-widget elementor-widget-ct_blog_grid\" data-id=\"03a2086\" data-element_type=\"widget\" data-e-type=\"widget\" data-widget_type=\"ct_blog_grid.default\">\n\t\t\t\t<div class=\"elementor-widget-container\">\n\t\t\t\t\t\r\n<div id=\"ct_blog_grid-03a2086\" class=\"ct-grid ct-blog-grid ct-blog-grid-layout1\" data-layout=\"masonry\" data-start-page=\"1\" data-max-pages=\"3\" data-total=\"13\" data-perpage=\"6\" data-next-link=\"https:\/\/www.apexlazer.com\/yeni\/wp-json\/wp\/v2\/pages\/184\/page\/2\/\">\r\n    <div class=\"ct-grid-overlay\"><\/div>\r\n    \r\n    <div class=\"ct-grid-inner ct-grid-masonry row animate-time\" data-gutter=\"15\">\r\n                            <div class=\"grid-item col-xl-4 col-lg-4 col-md-6 col-sm-6 col-12 lazer-metal-kesimler\">\r\n                        <div class=\"grid-item-inner \" data-wow-duration=\"1.2s\">\r\n                            <div class=\"item--featured\">\r\n                                <a href=\"https:\/\/www.apexlazer.com\/yeni\/beylikduzu-lazer-metal-kesim\/\"><img fetchpriority=\"high\" decoding=\"async\" class=\"no-lazyload \" src=\"https:\/\/www.apexlazer.com\/yeni\/wp-content\/uploads\/2026\/02\/beylikduzu-lazer-metal-kesim-firmasi-600x413.jpg\" width=\"600\" height=\"413\" alt=\"beylikduzu-lazer-metal-kesim-firmasi\" title=\"beylikduzu-lazer-metal-kesim-firmasi\" \/><\/a>\r\n                            <\/div>\r\n                            <div class=\"item--holder item--main\">\r\n                                                                    <ul class=\"item--meta\">\r\n                                                                                    <li class=\"item-date\"><i class=\"caseicon-calendar\"><\/i>26 \u015eubat 2026<\/li>\r\n                                                                                                                            <li class=\"item-author\">\r\n                                                <i class=\"caseicon-user\"><\/i><a href=\"https:\/\/www.apexlazer.com\/yeni\/author\/bilgi\/\">bilgi<\/a>\r\n                                            <\/li>\r\n                                                                            <\/ul>\r\n                                                                <h3 class=\"item--title\"><a href=\"https:\/\/www.apexlazer.com\/yeni\/beylikduzu-lazer-metal-kesim\/\">Beylikd\u00fcz\u00fc Lazer Metal Kesim<\/a><\/h3>\r\n                            <\/div>\r\n                            <div class=\"item--holder item--hover\">\r\n                                <h3 class=\"item--title\"><a href=\"https:\/\/www.apexlazer.com\/yeni\/beylikduzu-lazer-metal-kesim\/\">Beylikd\u00fcz\u00fc Lazer Metal Kesim<\/a><\/h3>\r\n                                                                    <div class=\"item--content\">\r\n                                        Lazer metal kesim, metal malzemelerin y\u00fcksek yo\u011funluklu lazer&hellip;                                    <\/div>\r\n                                                                                                    <div class=\"item--readmore\">\r\n                                        <a class=\"btn btn-primary\" href=\"https:\/\/www.apexlazer.com\/yeni\/beylikduzu-lazer-metal-kesim\/\">\r\n                                            <span>Read more<\/span>\r\n                                            <i class=\"caseicon-angle-arrow-right\"><\/i>\r\n                                        <\/a>\r\n                                    <\/div>\r\n                                                            <\/div>\r\n                        <\/div>\r\n                    <\/div>\r\n                                    <div class=\"grid-item col-xl-4 col-lg-4 col-md-6 col-sm-6 col-12 lazer-metal-kesimler\">\r\n                        <div class=\"grid-item-inner \" data-wow-duration=\"1.2s\">\r\n                            <div class=\"item--featured\">\r\n                                <a href=\"https:\/\/www.apexlazer.com\/yeni\/lazer-metal-kesimin-endustriyel-kullanim-alanlari\/\"><img decoding=\"async\" class=\"no-lazyload \" src=\"https:\/\/www.apexlazer.com\/yeni\/wp-content\/uploads\/2026\/02\/metal-lazer-kesim-ve-bukum-600x413.jpg\" width=\"600\" height=\"413\" alt=\"metal-lazer-kesim-ve-bukum\" title=\"metal-lazer-kesim-ve-bukum\" \/><\/a>\r\n                            <\/div>\r\n                            <div class=\"item--holder item--main\">\r\n                                                                    <ul class=\"item--meta\">\r\n                                                                                    <li class=\"item-date\"><i class=\"caseicon-calendar\"><\/i>26 \u015eubat 2026<\/li>\r\n                                                                                                                            <li class=\"item-author\">\r\n                                                <i class=\"caseicon-user\"><\/i><a href=\"https:\/\/www.apexlazer.com\/yeni\/author\/bilgi\/\">bilgi<\/a>\r\n                                            <\/li>\r\n                                                                            <\/ul>\r\n                                                                <h3 class=\"item--title\"><a href=\"https:\/\/www.apexlazer.com\/yeni\/lazer-metal-kesimin-endustriyel-kullanim-alanlari\/\">Lazer Metal Kesimin End\u00fcstriyel Kullan\u0131m Alanlar\u0131<\/a><\/h3>\r\n                            <\/div>\r\n                            <div class=\"item--holder item--hover\">\r\n                                <h3 class=\"item--title\"><a href=\"https:\/\/www.apexlazer.com\/yeni\/lazer-metal-kesimin-endustriyel-kullanim-alanlari\/\">Lazer Metal Kesimin End\u00fcstriyel Kullan\u0131m Alanlar\u0131<\/a><\/h3>\r\n                                                                    <div class=\"item--content\">\r\n                                        Lazer metal kesim, metal malzemelerin y\u00fcksek yo\u011funluklu lazer&hellip;                                    <\/div>\r\n                                                                                                    <div class=\"item--readmore\">\r\n                                        <a class=\"btn btn-primary\" href=\"https:\/\/www.apexlazer.com\/yeni\/lazer-metal-kesimin-endustriyel-kullanim-alanlari\/\">\r\n                                            <span>Read more<\/span>\r\n                                            <i class=\"caseicon-angle-arrow-right\"><\/i>\r\n                                        <\/a>\r\n                                    <\/div>\r\n                                                            <\/div>\r\n                        <\/div>\r\n                    <\/div>\r\n                                    <div class=\"grid-item col-xl-4 col-lg-4 col-md-6 col-sm-6 col-12 lazer-metal-kesimler\">\r\n                        <div class=\"grid-item-inner \" data-wow-duration=\"1.2s\">\r\n                            <div class=\"item--featured\">\r\n                                <a href=\"https:\/\/www.apexlazer.com\/yeni\/lazer-kesimin-kullanildigi-sektorler\/\"><img decoding=\"async\" class=\"no-lazyload \" src=\"https:\/\/www.apexlazer.com\/yeni\/wp-content\/uploads\/2026\/02\/istabul-CNC-Lazer-Kesim-600x413.jpeg\" width=\"600\" height=\"413\" alt=\"istabul-CNC-Lazer-Kesim\" title=\"istabul-CNC-Lazer-Kesim\" \/><\/a>\r\n                            <\/div>\r\n                            <div class=\"item--holder item--main\">\r\n                                                                    <ul class=\"item--meta\">\r\n                                                                                    <li class=\"item-date\"><i class=\"caseicon-calendar\"><\/i>26 \u015eubat 2026<\/li>\r\n                                                                                                                            <li class=\"item-author\">\r\n                                                <i class=\"caseicon-user\"><\/i><a href=\"https:\/\/www.apexlazer.com\/yeni\/author\/bilgi\/\">bilgi<\/a>\r\n                                            <\/li>\r\n                                                                            <\/ul>\r\n                                                                <h3 class=\"item--title\"><a href=\"https:\/\/www.apexlazer.com\/yeni\/lazer-kesimin-kullanildigi-sektorler\/\">Lazer Kesimin Kullan\u0131ld\u0131\u011f\u0131 Sekt\u00f6rler<\/a><\/h3>\r\n                            <\/div>\r\n                            <div class=\"item--holder item--hover\">\r\n                                <h3 class=\"item--title\"><a href=\"https:\/\/www.apexlazer.com\/yeni\/lazer-kesimin-kullanildigi-sektorler\/\">Lazer Kesimin Kullan\u0131ld\u0131\u011f\u0131 Sekt\u00f6rler<\/a><\/h3>\r\n                                                                    <div class=\"item--content\">\r\n                                        Lazer metal kesim, metal malzemelerin y\u00fcksek yo\u011funluklu lazer&hellip;                                    <\/div>\r\n                                                                                                    <div class=\"item--readmore\">\r\n                                        <a class=\"btn btn-primary\" href=\"https:\/\/www.apexlazer.com\/yeni\/lazer-kesimin-kullanildigi-sektorler\/\">\r\n                                            <span>Read more<\/span>\r\n                                            <i class=\"caseicon-angle-arrow-right\"><\/i>\r\n                                        <\/a>\r\n                                    <\/div>\r\n                                                            <\/div>\r\n                        <\/div>\r\n                    <\/div>\r\n                                    <div class=\"grid-item col-xl-4 col-lg-4 col-md-6 col-sm-6 col-12 lazer-metal-kesimler\">\r\n                        <div class=\"grid-item-inner \" data-wow-duration=\"1.2s\">\r\n                            <div class=\"item--featured\">\r\n                                <a href=\"https:\/\/www.apexlazer.com\/yeni\/lazer-kesim-teknolojisinin-gelecekteki-trendleri-nelerdir\/\"><img loading=\"lazy\" decoding=\"async\" class=\"no-lazyload \" src=\"https:\/\/www.apexlazer.com\/yeni\/wp-content\/uploads\/2021\/09\/lazer-metal-kesim-urunler-600x413.jpg\" width=\"600\" height=\"413\" alt=\"lazer-metal-kesim-urunler\" title=\"lazer-metal-kesim-urunler\" \/><\/a>\r\n                            <\/div>\r\n                            <div class=\"item--holder item--main\">\r\n                                                                    <ul class=\"item--meta\">\r\n                                                                                    <li class=\"item-date\"><i class=\"caseicon-calendar\"><\/i>26 \u015eubat 2026<\/li>\r\n                                                                                                                            <li class=\"item-author\">\r\n                                                <i class=\"caseicon-user\"><\/i><a href=\"https:\/\/www.apexlazer.com\/yeni\/author\/bilgi\/\">bilgi<\/a>\r\n                                            <\/li>\r\n                                                                            <\/ul>\r\n                                                                <h3 class=\"item--title\"><a href=\"https:\/\/www.apexlazer.com\/yeni\/lazer-kesim-teknolojisinin-gelecekteki-trendleri-nelerdir\/\">Lazer kesim teknolojisinin gelecekteki trendleri nelerdir?<\/a><\/h3>\r\n                            <\/div>\r\n                            <div class=\"item--holder item--hover\">\r\n                                <h3 class=\"item--title\"><a href=\"https:\/\/www.apexlazer.com\/yeni\/lazer-kesim-teknolojisinin-gelecekteki-trendleri-nelerdir\/\">Lazer kesim teknolojisinin gelecekteki trendleri nelerdir?<\/a><\/h3>\r\n                                                                    <div class=\"item--content\">\r\n                                        Lazer metal kesim, metal malzemelerin y\u00fcksek yo\u011funluklu lazer&hellip;                                    <\/div>\r\n                                                                                                    <div class=\"item--readmore\">\r\n                                        <a class=\"btn btn-primary\" href=\"https:\/\/www.apexlazer.com\/yeni\/lazer-kesim-teknolojisinin-gelecekteki-trendleri-nelerdir\/\">\r\n                                            <span>Read more<\/span>\r\n                                            <i class=\"caseicon-angle-arrow-right\"><\/i>\r\n                                        <\/a>\r\n                                    <\/div>\r\n                                                            <\/div>\r\n                        <\/div>\r\n                    <\/div>\r\n                                    <div class=\"grid-item col-xl-4 col-lg-4 col-md-6 col-sm-6 col-12 lazer-metal-kesimler\">\r\n                        <div class=\"grid-item-inner \" data-wow-duration=\"1.2s\">\r\n                            <div class=\"item--featured\">\r\n                                <a href=\"https:\/\/www.apexlazer.com\/yeni\/lazer-kesimde-kullanilan-malzemelerin-cesitliligi-nedir\/\"><img loading=\"lazy\" decoding=\"async\" class=\"no-lazyload \" src=\"https:\/\/www.apexlazer.com\/yeni\/wp-content\/uploads\/2026\/02\/apex-lazer-kesim-bukum-600x413.jpg\" width=\"600\" height=\"413\" alt=\"apex-lazer-kesim-bukum\" title=\"apex-lazer-kesim-bukum\" \/><\/a>\r\n                            <\/div>\r\n                            <div class=\"item--holder item--main\">\r\n                                                                    <ul class=\"item--meta\">\r\n                                                                                    <li class=\"item-date\"><i class=\"caseicon-calendar\"><\/i>26 \u015eubat 2026<\/li>\r\n                                                                                                                            <li class=\"item-author\">\r\n                                                <i class=\"caseicon-user\"><\/i><a href=\"https:\/\/www.apexlazer.com\/yeni\/author\/bilgi\/\">bilgi<\/a>\r\n                                            <\/li>\r\n                                                                            <\/ul>\r\n                                                                <h3 class=\"item--title\"><a href=\"https:\/\/www.apexlazer.com\/yeni\/lazer-kesimde-kullanilan-malzemelerin-cesitliligi-nedir\/\">Lazer kesimde kullan\u0131lan malzemelerin \u00e7e\u015fitlili\u011fi nedir?<\/a><\/h3>\r\n                            <\/div>\r\n                            <div class=\"item--holder item--hover\">\r\n                                <h3 class=\"item--title\"><a href=\"https:\/\/www.apexlazer.com\/yeni\/lazer-kesimde-kullanilan-malzemelerin-cesitliligi-nedir\/\">Lazer kesimde kullan\u0131lan malzemelerin \u00e7e\u015fitlili\u011fi nedir?<\/a><\/h3>\r\n                                                                    <div class=\"item--content\">\r\n                                        Lazer metal kesim, metal malzemelerin y\u00fcksek yo\u011funluklu lazer&hellip;                                    <\/div>\r\n                                                                                                    <div class=\"item--readmore\">\r\n                                        <a class=\"btn btn-primary\" href=\"https:\/\/www.apexlazer.com\/yeni\/lazer-kesimde-kullanilan-malzemelerin-cesitliligi-nedir\/\">\r\n                                            <span>Read more<\/span>\r\n                                            <i class=\"caseicon-angle-arrow-right\"><\/i>\r\n                                        <\/a>\r\n                                    <\/div>\r\n                                                            <\/div>\r\n                        <\/div>\r\n                    <\/div>\r\n                                    <div class=\"grid-item col-xl-4 col-lg-4 col-md-6 col-sm-6 col-12 lazer-metal-kesimler\">\r\n                        <div class=\"grid-item-inner \" data-wow-duration=\"1.2s\">\r\n                            <div class=\"item--featured\">\r\n                                <a href=\"https:\/\/www.apexlazer.com\/yeni\/lazer-metal-kesim-makinesi\/\"><img loading=\"lazy\" decoding=\"async\" class=\"no-lazyload \" src=\"https:\/\/www.apexlazer.com\/yeni\/wp-content\/uploads\/2026\/02\/lazer-metal-kesim-fiyatlari-600x413.jpg\" width=\"600\" height=\"413\" alt=\"lazer-metal-kesim-fiyatlari\" title=\"lazer-metal-kesim-fiyatlari\" \/><\/a>\r\n                            <\/div>\r\n                            <div class=\"item--holder item--main\">\r\n                                                                    <ul class=\"item--meta\">\r\n                                                                                    <li class=\"item-date\"><i class=\"caseicon-calendar\"><\/i>26 \u015eubat 2026<\/li>\r\n                                                                                                                            <li class=\"item-author\">\r\n                                                <i class=\"caseicon-user\"><\/i><a href=\"https:\/\/www.apexlazer.com\/yeni\/author\/bilgi\/\">bilgi<\/a>\r\n                                            <\/li>\r\n                                                                            <\/ul>\r\n                                                                <h3 class=\"item--title\"><a href=\"https:\/\/www.apexlazer.com\/yeni\/lazer-metal-kesim-makinesi\/\">Lazer Metal Kesim Makinesi<\/a><\/h3>\r\n                            <\/div>\r\n                            <div class=\"item--holder item--hover\">\r\n                                <h3 class=\"item--title\"><a href=\"https:\/\/www.apexlazer.com\/yeni\/lazer-metal-kesim-makinesi\/\">Lazer Metal Kesim Makinesi<\/a><\/h3>\r\n                                                                    <div class=\"item--content\">\r\n                                        Lazer metal kesim, metal malzemelerin y\u00fcksek yo\u011funluklu lazer&hellip;                                    <\/div>\r\n                                                                                                    <div class=\"item--readmore\">\r\n                                        <a class=\"btn btn-primary\" href=\"https:\/\/www.apexlazer.com\/yeni\/lazer-metal-kesim-makinesi\/\">\r\n                                            <span>Read more<\/span>\r\n                                            <i class=\"caseicon-angle-arrow-right\"><\/i>\r\n                                        <\/a>\r\n                                    <\/div>\r\n                                                            <\/div>\r\n                        <\/div>\r\n                    <\/div>\r\n                                    <div class=\"grid-sizer col-xl-4 col-lg-4 col-md-6 col-sm-6 col-12\"><\/div>\r\n            <\/div>\r\n            <div class=\"ct-grid-pagination\" data-loadmore=\"{&quot;startPage&quot;:1,&quot;maxPages&quot;:3,&quot;total&quot;:13,&quot;perpage&quot;:&quot;6&quot;,&quot;nextLink&quot;:&quot;https:\\\/\\\/www.apexlazer.com\\\/yeni\\\/wp-json\\\/wp\\\/v2\\\/pages\\\/184\\\/page\\\/2\\\/&quot;,&quot;source&quot;:&quot;&quot;,&quot;orderby&quot;:&quot;date&quot;,&quot;order&quot;:&quot;desc&quot;,&quot;limit&quot;:&quot;6&quot;,&quot;post_ids&quot;:&quot;&quot;,&quot;col_xl&quot;:4,&quot;col_lg&quot;:4,&quot;col_md&quot;:6,&quot;col_sm&quot;:6,&quot;col_xs&quot;:12,&quot;pagination_type&quot;:&quot;pagination&quot;,&quot;show_author&quot;:&quot;true&quot;,&quot;show_date&quot;:&quot;true&quot;,&quot;show_button&quot;:&quot;true&quot;,&quot;button_text&quot;:&quot;&quot;,&quot;show_excerpt&quot;:&quot;true&quot;,&quot;num_words&quot;:8,&quot;img_size&quot;:&quot;&quot;,&quot;grid_masonry&quot;:&quot;&quot;,&quot;ct_animate&quot;:&quot;&quot;,&quot;template_type&quot;:&quot;post_grid_layout1&quot;,&quot;tax&quot;:[&quot;category&quot;]}\" data-query=\"{&quot;post_type&quot;:&quot;post&quot;,&quot;post_status&quot;:&quot;publish&quot;,&quot;posts_per_page&quot;:6,&quot;order&quot;:&quot;desc&quot;,&quot;orderby&quot;:&quot;date&quot;,&quot;tax_query&quot;:{&quot;relation&quot;:&quot;OR&quot;},&quot;post__not_in&quot;:[184]}\">\r\n                <nav class=\"ct-posts-pagination ajax\">\r\n        <div class=\"posts-page-links\">\r\n            <span aria-label=\"Sayfa 1\" aria-current=\"page\" class=\"page-numbers current\">1<\/span>\n<a aria-label=\"Sayfa 2\" class=\"page-numbers\" href=\"#2\">2<\/a>\n<a aria-label=\"Sayfa 3\" class=\"page-numbers\" href=\"#3\">3<\/a>\n<a class=\"next page-numbers\" href=\"#2\"><i class=\"caseicon-angle-arrow-right\"><\/i><\/a>        <\/div>\r\n    <\/nav>\r\n            <\/div>\r\n        <\/div>\t\t\t\t<\/div>\n\t\t\t\t<\/div>\n\t\t            <\/div>\n        <\/div>\n                    <\/div>\n        <\/section>\n        \t\t<\/div>\n\t\t","protected":false},"excerpt":{"rendered":"<p>September 24, 2021 Admin Regional Manager &#038; limited time management. With over a decade experience, we\u2019ve established ourselves&hellip; Read more September 24, 2021 Admin Revitalising your people in to a retail downturn. With over a decade experience, we\u2019ve established ourselves&hellip; Read more August 24, 2021 Admin Organisational teams of the are just like families With [&hellip;]<\/p>\n","protected":false},"author":1,"featured_media":0,"parent":0,"menu_order":0,"comment_status":"closed","ping_status":"closed","template":"","meta":{"footnotes":""},"class_list":["post-184","page","type-page","status-publish","hentry"],"_links":{"self":[{"href":"https:\/\/www.apexlazer.com\/yeni\/wp-json\/wp\/v2\/pages\/184","targetHints":{"allow":["GET"]}}],"collection":[{"href":"https:\/\/www.apexlazer.com\/yeni\/wp-json\/wp\/v2\/pages"}],"about":[{"href":"https:\/\/www.apexlazer.com\/yeni\/wp-json\/wp\/v2\/types\/page"}],"author":[{"embeddable":true,"href":"https:\/\/www.apexlazer.com\/yeni\/wp-json\/wp\/v2\/users\/1"}],"replies":[{"embeddable":true,"href":"https:\/\/www.apexlazer.com\/yeni\/wp-json\/wp\/v2\/comments?post=184"}],"version-history":[{"count":0,"href":"https:\/\/www.apexlazer.com\/yeni\/wp-json\/wp\/v2\/pages\/184\/revisions"}],"wp:attachment":[{"href":"https:\/\/www.apexlazer.com\/yeni\/wp-json\/wp\/v2\/media?parent=184"}],"curies":[{"name":"wp","href":"https:\/\/api.w.org\/{rel}","templated":true}]}}